{"id":3,"date":"2022-03-14T18:22:09","date_gmt":"2022-03-14T18:22:09","guid":{"rendered":"https:\/\/zagboom.ch\/?page_id=3"},"modified":"2022-03-15T08:42:33","modified_gmt":"2022-03-15T08:42:33","slug":"privacy-policy","status":"publish","type":"page","link":"https:\/\/zagboom.ch\/en\/privacy-policy\/","title":{"rendered":"Datenschutzerkl\u00e4rung"},"content":{"rendered":"<h1 class=\"wp-block-heading\">Datenschutz<\/h1>\n\n\n\n<h2 class=\"wp-block-heading\">1. Hinweise zum Datenschutz<\/h2>\n\n\n\n<p>F\u00fcr uns hat der Schutz personenbezogener Daten h\u00f6chste Priorit\u00e4t. Wir m\u00f6chten Sie deshalb an dieser Stelle dar\u00fcber informieren, wie wir Ihre Privatsph\u00e4re sch\u00fctzen, wenn Sie uns Ihre personenbezogenen Daten zur Verf\u00fcgung stellen. Neben der selbstverst\u00e4ndlichen Einhaltung der in der Schweiz geltenden gesetzlichen Bestimmungen zum Datenschutz m\u00f6chten wir uns mit diesen Hinweisen zu einem verantwortungsvollen Umgang mit Ihren Daten verpflichten, so dass Ihre Privatsph\u00e4re zu jeder Zeit gesch\u00fctzt wird. Uns ist es wichtig, dass Sie sich beim Besuch unserer Internetseiten sicher f\u00fchlen.<\/p>\n\n\n\n<h3 class=\"wp-block-heading\">1.1.<\/h3>\n\n\n\n<p>Die Nutzung unserer Internetseiten ist grunds\u00e4tzlich anonym m\u00f6glich. Wenn Sie auf unsere Internetseite zugreifen, werden automatisch Informationen allgemeiner Natur erfasst. Diese Informationen beinhalten z. B. die Art des Webbrowsers, des verwendeten Betriebssystems, den Domainnamen Ihres Internet-Serviceproviders und \u00e4hnliches. Hierbei handelt es sich ausschlie\u00dflich um Informationen, die keinerlei R\u00fcckschl\u00fcsse auf Ihre Person zulassen.  Informationen dieser Art werden ausschlie\u00dflich anonymisiert erhoben und von uns statistisch ausgewertet. Zum Zwecke der Datensicherheit werden ferner Ihre IP-Adresse sowie Datum und Uhrzeit des Besuchs protokolliert.<\/p>\n\n\n\n<h3 class=\"wp-block-heading\">1.2.<\/h3>\n\n\n\n<p>Ihre pers\u00f6nlichen Daten speichern wir nur dann, wenn Sie uns diese mitteilen. Diese Daten, insbesondere Name, Anschrift und E-Mail-Adresse ben\u00f6tigen wir in erster Linie zur Abwicklung Ihrer Bestellung im Onlineshop. Die Datenerhebung erfolgt, indem Sie Ihre Daten in die jeweilige Eingabemaske des Bestell- oder Kontaktformulars eingeben.<\/p>\n\n\n\n<h2 class=\"wp-block-heading\">2. Verwendung der Daten<\/h2>\n\n\n\n<p>Die so erhobenen personenbezogenen Daten verwenden wir ausschlie\u00dflich zu dem Zweck, zu dem Sie uns diese zur Verf\u00fcgung gestellt haben, insbesondere also zur Abwicklung Ihrer Bestellung, Zusendung aktueller Kataloge oder von Ihnen bestellter Newsletter. Falls es signifikante \u00c4nderungen an den AGBs oder Datenschutzbestimmungen gibt, werden wir die Nutzer per E-Mail dar\u00fcber informieren.<\/p>\n\n\n\n<h2 class=\"wp-block-heading\">3. Weitergabe an Dritte<\/h2>\n\n\n\n<p>Es ist ggf. notwendig, Ihre Daten an Dienstleister wie z. B. Abrechnungsstellen oder Transporteure weiterzugeben, um Ihre Bestellung abwickeln zu k\u00f6nnen. In keinem Fall werden die erhobenen Daten au\u00dferhalb unseres Unternehmens verkauft oder anderweitig Dritten &#8211; soweit es nicht f\u00fcr die Vertragsdurchf\u00fchrung unerl\u00e4sslich ist \u2013 weitergegeben.<\/p>\n\n\n\n<h2 class=\"wp-block-heading\">4. Cookies<\/h2>\n\n\n\n<p>Zur Optimierung des Bestellvorgangs benutzen wir Cookies. Hierbei handelt es sich um kleine Textdateien, die Ihr Webbrowser beim Besuch unserer Seiten entgegennimmt und auf Ihrem Rechner speichert. Diese k\u00f6nnen Sie in Ihren Browsereinstellungen deaktivieren. Mit Hilfe solcher Cookies werden beispielsweise Ihre Warenk\u00f6rbe oder Merklisten gespeichert, um Ihnen die n\u00e4chste Bestellung zu erleichtern. Die Speicherdauer betr\u00e4gt grunds\u00e4tzlich 365 Tage. Danach verliert der Cookie automatisch seine G\u00fcltigkeit. Nach Abschluss der Bestellung und bei erneutem Aufsuchen unserer Website werden Sie mit Hilfe eines entsprechenden Cookies als Kunde erkannt und Ihnen so ein erneuter Bestellvorgang erleichtert. Die meisten Browser verf\u00fcgen \u00fcber Funktionen, mit denen die Entgegennahme von Cookies abgelehnt werden kann, bzw. nach Beendigung des Besuchs einer Internetseite die von dieser angenommenen Cookies gel\u00f6scht werden k\u00f6nnen. Ohne Cookies k\u00f6nnen Sie bestimmte Funktionen der Website z. B. im Onlineshop nicht nutzen.<\/p>\n\n\n\n<h3 class=\"wp-block-heading\">4.1 Google Analytics<\/h3>\n\n\n\n<p>Unsere Webseite benutzt Google Analytics, einen Webanalysedienst der Google Inc. Google Analytics verwendet sog. \u201eCookies\u201c, Textdateien, die auf Ihrem Computer gespeichert werden und die eine Analyse der Benutzung der Website durch Sie erm\u00f6glicht. Die durch den Cookie erzeugten Informationen \u00fcber Ihre Benutzung diese Website (einschlie\u00dflich Ihrer IP-Adresse) wird an einen Server von Google in den USA \u00fcbertragen und dort gespeichert. Google wird diese Informationen benutzen, um Ihre Nutzung der Website auszuwerten, um Reports \u00fcber die Websiteaktivit\u00e4ten f\u00fcr die Websitebetreiber zusammenzustellen und um weitere mit der Websitenutzung und der Internetnutzung verbundene Dienstleistungen zu erbringen. Auch wird Google diese Informationen gegebenenfalls an Dritte \u00fcbertragen, sofern dies gesetzlich vorgeschrieben oder soweit Dritte diese Daten im Auftrag von Google verarbeiten. Google wird in keinem Fall Ihre IP-Adresse mit anderen Daten der Google in Verbindung bringen. Sie k\u00f6nnen die Installation der Cookies durch eine entsprechende Einstellung Ihrer Browser Software verhindern, wir weisen Sie jedoch darauf hin, dass Sie in diesem Fall gegebenenfalls nicht s\u00e4mtliche Funktionen dieser Website voll umf\u00e4nglich nutzen k\u00f6nnen. Durch die Nutzung dieser Website erkl\u00e4ren Sie sich mit der Bearbeitung der \u00fcber Sie erhobenen Daten durch Google in der zuvor beschriebenen Art und Weise und zu dem zuvor benannten Zwecken einverstanden.<\/p>\n\n\n\n<h2 class=\"wp-block-heading\">5. Ihre Rechte<\/h2>\n\n\n\n<p>Sie haben das Recht, Auskunft \u00fcber alle personenbezogenen Daten zu erhalten, die wir \u00fcber Sie gespeichert haben. Wenn Sie mit der Speicherung Ihrer personenbezogenen Daten nicht (mehr) einverstanden sind oder diese ung\u00fcltig geworden sind, k\u00f6nnen Sie uns die Weisung erteilen, Ihre Daten zu l\u00f6schen oder zu sperren bzw. erforderliche Korrekturen vorzunehmen, sofern wir hieran nicht durch geltende gesetzliche Regelungen gehindert werden.<\/p>\n\n\n\n<h2 class=\"wp-block-heading\">6. Datenschutz R\u00fcckfragen<\/h2>\n\n\n\n<p>F\u00fcr etwaige Fragen, die Erhebung, Verarbeitung oder Nutzung Ihrer personenbezogenen Daten betreffend, steht es Ihnen frei unter folgender eMail Adressen Kontakt aufzunehmen:\u00a0<a href=\"mailto:info@zagboom.ch\" rel=\"sponsored nofollow\">info@<\/a><a href=\"mailto:info@zagboom.ch\" rel=\"nofollow\">zagboom<\/a><a href=\"mailto:info@zagboom.ch\" rel=\"sponsored nofollow\">.ch<\/a><\/p>","protected":false},"excerpt":{"rendered":"<p>Datenschutz 1. Hinweise zum Datenschutz F\u00fcr uns hat der Schutz personenbezogener Daten h\u00f6chste Priorit\u00e4t. Wir m\u00f6chten Sie deshalb an dieser Stelle dar\u00fcber informieren, wie wir Ihre Privatsph\u00e4re sch\u00fctzen, wenn Sie uns Ihre personenbezogenen Daten zur Verf\u00fcgung stellen. Neben der selbstverst\u00e4ndlichen Einhaltung der in der Schweiz geltenden gesetzlichen Bestimmungen zum Datenschutz m\u00f6chten wir uns mit diesen [&hellip;]<\/p>","protected":false},"author":1,"featured_media":0,"parent":0,"menu_order":0,"comment_status":"closed","ping_status":"open","template":"","meta":{"_eb_attr":"","footnotes":""},"class_list":["post-3","page","type-page","status-publish","hentry"],"yoast_head":"<!-- This site is optimized with the Yoast SEO plugin v26.8 - https:\/\/yoast.com\/product\/yoast-seo-wordpress\/ -->\n<title>Datenschutzerkl\u00e4rung - Beizen-Flieger<\/title>\n<meta name=\"robots\" content=\"index, follow, max-snippet:-1, max-image-preview:large, max-video-preview:-1\" \/>\n<link rel=\"canonical\" href=\"https:\/\/zagboom.ch\/en\/privacy-policy\/\" \/>\n<meta property=\"og:locale\" content=\"en_GB\" \/>\n<meta property=\"og:type\" content=\"article\" \/>\n<meta property=\"og:title\" content=\"Datenschutzerkl\u00e4rung - Beizen-Flieger\" \/>\n<meta property=\"og:description\" content=\"Datenschutz 1. Hinweise zum Datenschutz F\u00fcr uns hat der Schutz personenbezogener Daten h\u00f6chste Priorit\u00e4t. Wir m\u00f6chten Sie deshalb an dieser Stelle dar\u00fcber informieren, wie wir Ihre Privatsph\u00e4re sch\u00fctzen, wenn Sie uns Ihre personenbezogenen Daten zur Verf\u00fcgung stellen. Neben der selbstverst\u00e4ndlichen Einhaltung der in der Schweiz geltenden gesetzlichen Bestimmungen zum Datenschutz m\u00f6chten wir uns mit diesen [&hellip;]\" \/>\n<meta property=\"og:url\" content=\"https:\/\/zagboom.ch\/en\/privacy-policy\/\" \/>\n<meta property=\"og:site_name\" content=\"Beizen-Flieger\" \/>\n<meta property=\"article:modified_time\" content=\"2022-03-15T08:42:33+00:00\" \/>\n<meta name=\"twitter:card\" content=\"summary_large_image\" \/>\n<meta name=\"twitter:label1\" content=\"Estimated reading time\" \/>\n\t<meta name=\"twitter:data1\" content=\"5 minutes\" \/>\n<script type=\"application\/ld+json\" class=\"yoast-schema-graph\">{\"@context\":\"https:\/\/schema.org\",\"@graph\":[{\"@type\":\"WebPage\",\"@id\":\"https:\/\/zagboom.ch\/privacy-policy\/\",\"url\":\"https:\/\/zagboom.ch\/privacy-policy\/\",\"name\":\"Datenschutzerkl\u00e4rung - Beizen-Flieger\",\"isPartOf\":{\"@id\":\"https:\/\/zagboom.ch\/#website\"},\"datePublished\":\"2022-03-14T18:22:09+00:00\",\"dateModified\":\"2022-03-15T08:42:33+00:00\",\"breadcrumb\":{\"@id\":\"https:\/\/zagboom.ch\/privacy-policy\/#breadcrumb\"},\"inLanguage\":\"en-GB\",\"potentialAction\":[{\"@type\":\"ReadAction\",\"target\":[\"https:\/\/zagboom.ch\/privacy-policy\/\"]}]},{\"@type\":\"BreadcrumbList\",\"@id\":\"https:\/\/zagboom.ch\/privacy-policy\/#breadcrumb\",\"itemListElement\":[{\"@type\":\"ListItem\",\"position\":1,\"name\":\"Startseite\",\"item\":\"https:\/\/zagboom.ch\/\"},{\"@type\":\"ListItem\",\"position\":2,\"name\":\"Datenschutzerkl\u00e4rung\"}]},{\"@type\":\"WebSite\",\"@id\":\"https:\/\/zagboom.ch\/#website\",\"url\":\"https:\/\/zagboom.ch\/\",\"name\":\"Beizen-Flieger\",\"description\":\"Bergbeizenfliegen: Das etwas andere Hike and Fly Rennen\",\"publisher\":{\"@id\":\"https:\/\/zagboom.ch\/#organization\"},\"potentialAction\":[{\"@type\":\"SearchAction\",\"target\":{\"@type\":\"EntryPoint\",\"urlTemplate\":\"https:\/\/zagboom.ch\/?s={search_term_string}\"},\"query-input\":{\"@type\":\"PropertyValueSpecification\",\"valueRequired\":true,\"valueName\":\"search_term_string\"}}],\"inLanguage\":\"en-GB\"},{\"@type\":\"Organization\",\"@id\":\"https:\/\/zagboom.ch\/#organization\",\"name\":\"zagboom\",\"url\":\"https:\/\/zagboom.ch\/\",\"logo\":{\"@type\":\"ImageObject\",\"inLanguage\":\"en-GB\",\"@id\":\"https:\/\/zagboom.ch\/#\/schema\/logo\/image\/\",\"url\":\"https:\/\/zagboom.ch\/wp-content\/uploads\/2023\/05\/Logo_Bergbeizenfliegen_mit-schrift_fett_bg-black.jpg\",\"contentUrl\":\"https:\/\/zagboom.ch\/wp-content\/uploads\/2023\/05\/Logo_Bergbeizenfliegen_mit-schrift_fett_bg-black.jpg\",\"width\":567,\"height\":567,\"caption\":\"zagboom\"},\"image\":{\"@id\":\"https:\/\/zagboom.ch\/#\/schema\/logo\/image\/\"}}]}<\/script>\n<!-- \/ Yoast SEO plugin. -->","yoast_head_json":{"title":"Datenschutzerkl\u00e4rung - Beizen-Flieger","robots":{"index":"index","follow":"follow","max-snippet":"max-snippet:-1","max-image-preview":"max-image-preview:large","max-video-preview":"max-video-preview:-1"},"canonical":"https:\/\/zagboom.ch\/en\/privacy-policy\/","og_locale":"en_GB","og_type":"article","og_title":"Datenschutzerkl\u00e4rung - Beizen-Flieger","og_description":"Datenschutz 1. Hinweise zum Datenschutz F\u00fcr uns hat der Schutz personenbezogener Daten h\u00f6chste Priorit\u00e4t. Wir m\u00f6chten Sie deshalb an dieser Stelle dar\u00fcber informieren, wie wir Ihre Privatsph\u00e4re sch\u00fctzen, wenn Sie uns Ihre personenbezogenen Daten zur Verf\u00fcgung stellen. Neben der selbstverst\u00e4ndlichen Einhaltung der in der Schweiz geltenden gesetzlichen Bestimmungen zum Datenschutz m\u00f6chten wir uns mit diesen [&hellip;]","og_url":"https:\/\/zagboom.ch\/en\/privacy-policy\/","og_site_name":"Beizen-Flieger","article_modified_time":"2022-03-15T08:42:33+00:00","twitter_card":"summary_large_image","twitter_misc":{"Estimated reading time":"5 minutes"},"schema":{"@context":"https:\/\/schema.org","@graph":[{"@type":"WebPage","@id":"https:\/\/zagboom.ch\/privacy-policy\/","url":"https:\/\/zagboom.ch\/privacy-policy\/","name":"Datenschutzerkl\u00e4rung - Beizen-Flieger","isPartOf":{"@id":"https:\/\/zagboom.ch\/#website"},"datePublished":"2022-03-14T18:22:09+00:00","dateModified":"2022-03-15T08:42:33+00:00","breadcrumb":{"@id":"https:\/\/zagboom.ch\/privacy-policy\/#breadcrumb"},"inLanguage":"en-GB","potentialAction":[{"@type":"ReadAction","target":["https:\/\/zagboom.ch\/privacy-policy\/"]}]},{"@type":"BreadcrumbList","@id":"https:\/\/zagboom.ch\/privacy-policy\/#breadcrumb","itemListElement":[{"@type":"ListItem","position":1,"name":"Startseite","item":"https:\/\/zagboom.ch\/"},{"@type":"ListItem","position":2,"name":"Datenschutzerkl\u00e4rung"}]},{"@type":"WebSite","@id":"https:\/\/zagboom.ch\/#website","url":"https:\/\/zagboom.ch\/","name":"Beizen-Flieger","description":"Bergbeizenfliegen: Das etwas andere Hike and Fly Rennen","publisher":{"@id":"https:\/\/zagboom.ch\/#organization"},"potentialAction":[{"@type":"SearchAction","target":{"@type":"EntryPoint","urlTemplate":"https:\/\/zagboom.ch\/?s={search_term_string}"},"query-input":{"@type":"PropertyValueSpecification","valueRequired":true,"valueName":"search_term_string"}}],"inLanguage":"en-GB"},{"@type":"Organization","@id":"https:\/\/zagboom.ch\/#organization","name":"zagboom","url":"https:\/\/zagboom.ch\/","logo":{"@type":"ImageObject","inLanguage":"en-GB","@id":"https:\/\/zagboom.ch\/#\/schema\/logo\/image\/","url":"https:\/\/zagboom.ch\/wp-content\/uploads\/2023\/05\/Logo_Bergbeizenfliegen_mit-schrift_fett_bg-black.jpg","contentUrl":"https:\/\/zagboom.ch\/wp-content\/uploads\/2023\/05\/Logo_Bergbeizenfliegen_mit-schrift_fett_bg-black.jpg","width":567,"height":567,"caption":"zagboom"},"image":{"@id":"https:\/\/zagboom.ch\/#\/schema\/logo\/image\/"}}]}},"jetpack_sharing_enabled":true,"_links":{"self":[{"href":"https:\/\/zagboom.ch\/en\/wp-json\/wp\/v2\/pages\/3","targetHints":{"allow":["GET"]}}],"collection":[{"href":"https:\/\/zagboom.ch\/en\/wp-json\/wp\/v2\/pages"}],"about":[{"href":"https:\/\/zagboom.ch\/en\/wp-json\/wp\/v2\/types\/page"}],"author":[{"embeddable":true,"href":"https:\/\/zagboom.ch\/en\/wp-json\/wp\/v2\/users\/1"}],"replies":[{"embeddable":true,"href":"https:\/\/zagboom.ch\/en\/wp-json\/wp\/v2\/comments?post=3"}],"version-history":[{"count":2,"href":"https:\/\/zagboom.ch\/en\/wp-json\/wp\/v2\/pages\/3\/revisions"}],"predecessor-version":[{"id":80,"href":"https:\/\/zagboom.ch\/en\/wp-json\/wp\/v2\/pages\/3\/revisions\/80"}],"wp:attachment":[{"href":"https:\/\/zagboom.ch\/en\/wp-json\/wp\/v2\/media?parent=3"}],"curies":[{"name":"wp","href":"https:\/\/api.w.org\/{rel}","templated":true}]}}