{"id":256,"date":"2023-05-08T22:44:56","date_gmt":"2023-05-08T20:44:56","guid":{"rendered":"https:\/\/zagboom.ch\/?page_id=256"},"modified":"2026-02-21T20:27:20","modified_gmt":"2026-02-21T19:27:20","slug":"informationen-2","status":"publish","type":"page","link":"https:\/\/zagboom.ch\/en\/informationen-2\/","title":{"rendered":"Information"},"content":{"rendered":"<div class=\"wp-block-columns is-layout-flex wp-container-core-columns-is-layout-1 wp-block-columns-is-layout-flex\">\n<div class=\"wp-block-column is-layout-flow wp-block-column-is-layout-flow\">\n<p class=\"has-text-align-left\"><strong>Date<\/strong><br>Saturday, 12 September 2026<br>If this day is not flyable, the event will take place on Sunday, 13 September 2026 if possible.<\/p>\n\n\n\n<p><strong>Start\/finish area<\/strong> <strong>with subsequent festivities<\/strong><br>Bouldering gym <a href=\"https:\/\/www.spinnerei-indoor.ch\/\" target=\"_blank\" rel=\"noreferrer noopener\">Spinnerei Indoor<\/a> in Ibach<\/p>\n\n\n\n<p><strong>Travelling by public transport<\/strong><br>By bus to Ibach church (Kirche) and then 5 minutes on foot<\/p>\n\n\n\n<p><strong>Car parks<\/strong><br>Right next to the <a href=\"https:\/\/goo.gl\/maps\/374ZVmnuNvJCf21Q6\" target=\"_blank\" rel=\"noreferrer noopener\">Ibach Football Club<\/a><\/p>\n\n\n\n<p><strong>Camping\/Stellpl\u00e4tze<\/strong><br>There will be a few parking spaces on site where vehicles may be left overnight (no tents). There are no toilets, so we ask you to keep everything clean and not to cause any noise. If you want to stay overnight in your vehicle, please let us know when you register. We will show you the space and write down your car registration number. \nThere is an <a href=\"https:\/\/maps.app.goo.gl\/mEnWYtNAeox5re8e8\">official motorhome parking area<\/a> in Brunnen. There is also a <a href=\"https:\/\/maps.app.goo.gl\/NgqePVhpPs36TsFg6\">campsite<\/a> there right by the lake. <\/p>\n\n\n\n<p><strong>Entry fee<\/strong><br>The participation fee is CHF 70. The event is not profit-orientated. Included is the participation in the event and a dinner including a drink after the competition.<\/p>\n\n\n\n<p><strong>Teilnahmevoraussetzungen<\/strong><br>The launch sites are mostly easy and the flying area in the foothills of the Alps offers plenty of pastures and therefore good landing options. The event is generally suitable for gaining initial experience in hike and fly competitions. We will present the flying area and some launch sites in the online briefing. Nevertheless, you should feel confident outside of official launch and landing sites. The ability to make safety-related decisions independently is an absolute prerequisite.   <\/p>\n\n\n\n<p><strong>Prices<\/strong><br>There will once again be many attractive prizes to be won. Not only the podium places will receive prizes, but other special prizes will also be awarded. How these can be won will be announced at the briefing the evening before. Additional prizes will also be drawn among all participants. <\/p>\n\n\n\n<p><strong>Schedule<\/strong><\/p>\n\n\n\n<figure style=\"margin-top:0;margin-right:0;margin-bottom:0;margin-left:0;padding-top:0;padding-right:0;padding-bottom:0;padding-left:0;line-height:0.9;text-decoration:none\" class=\"wp-block-table\"><table style=\"border-style:none;border-width:0px\"><tbody><tr><td>Friday, 11 September 2026 (regardless of the event date)<\/td><td><\/td><\/tr><tr><td>8:00 p.m.<\/td><td>Mandatory online briefing (invitation link will follow by e-mail)<\/td><\/tr><tr><td><\/td><td><\/td><\/tr><tr><td>Saturday, 12 September 2026<br>or alternative date Sunday, 13 September<\/td><td><\/td><\/tr><tr><td>8:00 \u2013 8:45 a.m.<\/td><td>Registration and material check at the start\/finish area<\/td><\/tr><tr><td>9:00 a.m.&nbsp;<\/td><td>Start of the race<\/td><\/tr><tr><td>2:00 p.m.&nbsp;<\/td><td><a href=\"https:\/\/s.geo.admin.ch\/a1f8b416cb\" target=\"_blank\" rel=\"noreferrer noopener\">Landing site Salach<\/a> open (use alternative landing site before 14.00 hrs)<\/td><\/tr><tr><td>5:00 p.m.<\/td><td>Closing time<\/td><\/tr><tr><td>5:00 - 7:30 p.m.<\/td><td>Dinner<\/td><\/tr><tr><td>around 6:30 p.m.<\/td><td>Award ceremony<\/td><\/tr><\/tbody><\/table><\/figure>\n<\/div>\n<\/div>\n\n\n\n<hr class=\"wp-block-separator has-alpha-channel-opacity\"\/>\n\n\n\n<div class=\"wp-block-buttons is-content-justification-center is-layout-flex wp-container-core-buttons-is-layout-1 wp-block-buttons-is-layout-flex\">\n<div class=\"wp-block-button\"><a class=\"wp-block-button__link has-text-align-center wp-element-button\" href=\"https:\/\/zagboom.ch\/en\/reglement-2\/\">Rules and Regulations<\/a><\/div>\n\n\n\n<div class=\"wp-block-button\"><a class=\"wp-block-button__link wp-element-button\" href=\"https:\/\/zagboom.ch\/en\/anmeldung-2\/\">Inscription<\/a><\/div>\n\n\n\n<div class=\"wp-block-button\"><a class=\"wp-block-button__link wp-element-button\" href=\"https:\/\/zagboom.ch\/en\/bergbeizen\/\">Turnpoints<\/a><\/div>\n<\/div>\n\n\n\n<div class=\"wp-block-cover aligncenter is-light\"><span aria-hidden=\"true\" class=\"wp-block-cover__background has-background-dim-0 has-background-dim\"><\/span><img loading=\"lazy\" decoding=\"async\" width=\"1024\" height=\"683\" class=\"wp-block-cover__image-background wp-image-591\" alt=\"\" src=\"https:\/\/zagboom.ch\/wp-content\/uploads\/2023\/07\/DSC03099-1024x683.jpg\" data-object-fit=\"cover\" srcset=\"https:\/\/zagboom.ch\/wp-content\/uploads\/2023\/07\/DSC03099-1024x683.jpg 1024w, https:\/\/zagboom.ch\/wp-content\/uploads\/2023\/07\/DSC03099-scaled-450x300.jpg 450w, https:\/\/zagboom.ch\/wp-content\/uploads\/2023\/07\/DSC03099-300x200.jpg 300w, https:\/\/zagboom.ch\/wp-content\/uploads\/2023\/07\/DSC03099-768x512.jpg 768w, https:\/\/zagboom.ch\/wp-content\/uploads\/2023\/07\/DSC03099-1536x1024.jpg 1536w, https:\/\/zagboom.ch\/wp-content\/uploads\/2023\/07\/DSC03099-2048x1365.jpg 2048w\" sizes=\"auto, (max-width: 1024px) 100vw, 1024px\" \/><div class=\"wp-block-cover__inner-container is-layout-flow wp-block-cover-is-layout-flow\">\n<p class=\"has-text-align-center has-large-font-size\"><\/p>\n<\/div><\/div>","protected":false},"excerpt":{"rendered":"<p>DatumSamstag, 12. September 2026Sollte dieser Tag nicht fliegbar sein, findet der Event nach M\u00f6glichkeit am Sonntag, 13. September 2026 statt. Start-\/Zielgel\u00e4nde mit anschliessendem FestbetriebBoulderhalle Spinnerei Indoor in Ibach Anreise mit \u00d6VMit dem Bus bis Ibach Kirche und anschliessend 5 Minuten Fussweg Parkpl\u00e4tzeDirekt nebenan beim Fussballclub Ibach Camping\/Stellpl\u00e4tzeVor Ort wird es ein paar Parkpl\u00e4tze geben, auf [&hellip;]<\/p>","protected":false},"author":1,"featured_media":0,"parent":0,"menu_order":0,"comment_status":"closed","ping_status":"closed","template":"","meta":{"_eb_attr":"","footnotes":""},"class_list":["post-256","page","type-page","status-publish","hentry"],"yoast_head":"<!-- This site is optimized with the Yoast SEO plugin v26.8 - https:\/\/yoast.com\/product\/yoast-seo-wordpress\/ -->\n<title>Informationen - Beizen-Flieger<\/title>\n<meta name=\"robots\" content=\"index, follow, max-snippet:-1, max-image-preview:large, max-video-preview:-1\" \/>\n<link rel=\"canonical\" href=\"https:\/\/zagboom.ch\/en\/informationen-2\/\" \/>\n<meta property=\"og:locale\" content=\"en_GB\" \/>\n<meta property=\"og:type\" content=\"article\" \/>\n<meta property=\"og:title\" content=\"Informationen - Beizen-Flieger\" \/>\n<meta property=\"og:description\" content=\"DatumSamstag, 12. September 2026Sollte dieser Tag nicht fliegbar sein, findet der Event nach M\u00f6glichkeit am Sonntag, 13. September 2026 statt. Start-\/Zielgel\u00e4nde mit anschliessendem FestbetriebBoulderhalle Spinnerei Indoor in Ibach Anreise mit \u00d6VMit dem Bus bis Ibach Kirche und anschliessend 5 Minuten Fussweg Parkpl\u00e4tzeDirekt nebenan beim Fussballclub Ibach Camping\/Stellpl\u00e4tzeVor Ort wird es ein paar Parkpl\u00e4tze geben, auf [&hellip;]\" \/>\n<meta property=\"og:url\" content=\"https:\/\/zagboom.ch\/en\/informationen-2\/\" \/>\n<meta property=\"og:site_name\" content=\"Beizen-Flieger\" \/>\n<meta property=\"article:modified_time\" content=\"2026-02-21T19:27:20+00:00\" \/>\n<meta property=\"og:image\" content=\"https:\/\/zagboom.ch\/wp-content\/uploads\/2023\/07\/DSC03099-scaled.jpg\" \/>\n\t<meta property=\"og:image:width\" content=\"2560\" \/>\n\t<meta property=\"og:image:height\" content=\"1707\" \/>\n\t<meta property=\"og:image:type\" content=\"image\/jpeg\" \/>\n<meta name=\"twitter:card\" content=\"summary_large_image\" \/>\n<meta name=\"twitter:label1\" content=\"Estimated reading time\" \/>\n\t<meta name=\"twitter:data1\" content=\"2 minutes\" \/>\n<script type=\"application\/ld+json\" class=\"yoast-schema-graph\">{\"@context\":\"https:\/\/schema.org\",\"@graph\":[{\"@type\":\"WebPage\",\"@id\":\"https:\/\/zagboom.ch\/informationen-2\/\",\"url\":\"https:\/\/zagboom.ch\/informationen-2\/\",\"name\":\"Informationen - Beizen-Flieger\",\"isPartOf\":{\"@id\":\"https:\/\/zagboom.ch\/#website\"},\"primaryImageOfPage\":{\"@id\":\"https:\/\/zagboom.ch\/informationen-2\/#primaryimage\"},\"image\":{\"@id\":\"https:\/\/zagboom.ch\/informationen-2\/#primaryimage\"},\"thumbnailUrl\":\"https:\/\/zagboom.ch\/wp-content\/uploads\/2023\/07\/DSC03099-1024x683.jpg\",\"datePublished\":\"2023-05-08T20:44:56+00:00\",\"dateModified\":\"2026-02-21T19:27:20+00:00\",\"breadcrumb\":{\"@id\":\"https:\/\/zagboom.ch\/informationen-2\/#breadcrumb\"},\"inLanguage\":\"en-GB\",\"potentialAction\":[{\"@type\":\"ReadAction\",\"target\":[\"https:\/\/zagboom.ch\/informationen-2\/\"]}]},{\"@type\":\"ImageObject\",\"inLanguage\":\"en-GB\",\"@id\":\"https:\/\/zagboom.ch\/informationen-2\/#primaryimage\",\"url\":\"https:\/\/zagboom.ch\/wp-content\/uploads\/2023\/07\/DSC03099-1024x683.jpg\",\"contentUrl\":\"https:\/\/zagboom.ch\/wp-content\/uploads\/2023\/07\/DSC03099-1024x683.jpg\"},{\"@type\":\"BreadcrumbList\",\"@id\":\"https:\/\/zagboom.ch\/informationen-2\/#breadcrumb\",\"itemListElement\":[{\"@type\":\"ListItem\",\"position\":1,\"name\":\"Startseite\",\"item\":\"https:\/\/zagboom.ch\/\"},{\"@type\":\"ListItem\",\"position\":2,\"name\":\"Informationen\"}]},{\"@type\":\"WebSite\",\"@id\":\"https:\/\/zagboom.ch\/#website\",\"url\":\"https:\/\/zagboom.ch\/\",\"name\":\"Beizen-Flieger\",\"description\":\"Bergbeizenfliegen: Das etwas andere Hike and Fly Rennen\",\"publisher\":{\"@id\":\"https:\/\/zagboom.ch\/#organization\"},\"potentialAction\":[{\"@type\":\"SearchAction\",\"target\":{\"@type\":\"EntryPoint\",\"urlTemplate\":\"https:\/\/zagboom.ch\/?s={search_term_string}\"},\"query-input\":{\"@type\":\"PropertyValueSpecification\",\"valueRequired\":true,\"valueName\":\"search_term_string\"}}],\"inLanguage\":\"en-GB\"},{\"@type\":\"Organization\",\"@id\":\"https:\/\/zagboom.ch\/#organization\",\"name\":\"zagboom\",\"url\":\"https:\/\/zagboom.ch\/\",\"logo\":{\"@type\":\"ImageObject\",\"inLanguage\":\"en-GB\",\"@id\":\"https:\/\/zagboom.ch\/#\/schema\/logo\/image\/\",\"url\":\"https:\/\/zagboom.ch\/wp-content\/uploads\/2023\/05\/Logo_Bergbeizenfliegen_mit-schrift_fett_bg-black.jpg\",\"contentUrl\":\"https:\/\/zagboom.ch\/wp-content\/uploads\/2023\/05\/Logo_Bergbeizenfliegen_mit-schrift_fett_bg-black.jpg\",\"width\":567,\"height\":567,\"caption\":\"zagboom\"},\"image\":{\"@id\":\"https:\/\/zagboom.ch\/#\/schema\/logo\/image\/\"}}]}<\/script>\n<!-- \/ Yoast SEO plugin. -->","yoast_head_json":{"title":"Informationen - Beizen-Flieger","robots":{"index":"index","follow":"follow","max-snippet":"max-snippet:-1","max-image-preview":"max-image-preview:large","max-video-preview":"max-video-preview:-1"},"canonical":"https:\/\/zagboom.ch\/en\/informationen-2\/","og_locale":"en_GB","og_type":"article","og_title":"Informationen - Beizen-Flieger","og_description":"DatumSamstag, 12. September 2026Sollte dieser Tag nicht fliegbar sein, findet der Event nach M\u00f6glichkeit am Sonntag, 13. September 2026 statt. Start-\/Zielgel\u00e4nde mit anschliessendem FestbetriebBoulderhalle Spinnerei Indoor in Ibach Anreise mit \u00d6VMit dem Bus bis Ibach Kirche und anschliessend 5 Minuten Fussweg Parkpl\u00e4tzeDirekt nebenan beim Fussballclub Ibach Camping\/Stellpl\u00e4tzeVor Ort wird es ein paar Parkpl\u00e4tze geben, auf [&hellip;]","og_url":"https:\/\/zagboom.ch\/en\/informationen-2\/","og_site_name":"Beizen-Flieger","article_modified_time":"2026-02-21T19:27:20+00:00","og_image":[{"width":2560,"height":1707,"url":"https:\/\/zagboom.ch\/wp-content\/uploads\/2023\/07\/DSC03099-scaled.jpg","type":"image\/jpeg"}],"twitter_card":"summary_large_image","twitter_misc":{"Estimated reading time":"2 minutes"},"schema":{"@context":"https:\/\/schema.org","@graph":[{"@type":"WebPage","@id":"https:\/\/zagboom.ch\/informationen-2\/","url":"https:\/\/zagboom.ch\/informationen-2\/","name":"Informationen - Beizen-Flieger","isPartOf":{"@id":"https:\/\/zagboom.ch\/#website"},"primaryImageOfPage":{"@id":"https:\/\/zagboom.ch\/informationen-2\/#primaryimage"},"image":{"@id":"https:\/\/zagboom.ch\/informationen-2\/#primaryimage"},"thumbnailUrl":"https:\/\/zagboom.ch\/wp-content\/uploads\/2023\/07\/DSC03099-1024x683.jpg","datePublished":"2023-05-08T20:44:56+00:00","dateModified":"2026-02-21T19:27:20+00:00","breadcrumb":{"@id":"https:\/\/zagboom.ch\/informationen-2\/#breadcrumb"},"inLanguage":"en-GB","potentialAction":[{"@type":"ReadAction","target":["https:\/\/zagboom.ch\/informationen-2\/"]}]},{"@type":"ImageObject","inLanguage":"en-GB","@id":"https:\/\/zagboom.ch\/informationen-2\/#primaryimage","url":"https:\/\/zagboom.ch\/wp-content\/uploads\/2023\/07\/DSC03099-1024x683.jpg","contentUrl":"https:\/\/zagboom.ch\/wp-content\/uploads\/2023\/07\/DSC03099-1024x683.jpg"},{"@type":"BreadcrumbList","@id":"https:\/\/zagboom.ch\/informationen-2\/#breadcrumb","itemListElement":[{"@type":"ListItem","position":1,"name":"Startseite","item":"https:\/\/zagboom.ch\/"},{"@type":"ListItem","position":2,"name":"Informationen"}]},{"@type":"WebSite","@id":"https:\/\/zagboom.ch\/#website","url":"https:\/\/zagboom.ch\/","name":"Beizen-Flieger","description":"Bergbeizenfliegen: Das etwas andere Hike and Fly Rennen","publisher":{"@id":"https:\/\/zagboom.ch\/#organization"},"potentialAction":[{"@type":"SearchAction","target":{"@type":"EntryPoint","urlTemplate":"https:\/\/zagboom.ch\/?s={search_term_string}"},"query-input":{"@type":"PropertyValueSpecification","valueRequired":true,"valueName":"search_term_string"}}],"inLanguage":"en-GB"},{"@type":"Organization","@id":"https:\/\/zagboom.ch\/#organization","name":"zagboom","url":"https:\/\/zagboom.ch\/","logo":{"@type":"ImageObject","inLanguage":"en-GB","@id":"https:\/\/zagboom.ch\/#\/schema\/logo\/image\/","url":"https:\/\/zagboom.ch\/wp-content\/uploads\/2023\/05\/Logo_Bergbeizenfliegen_mit-schrift_fett_bg-black.jpg","contentUrl":"https:\/\/zagboom.ch\/wp-content\/uploads\/2023\/05\/Logo_Bergbeizenfliegen_mit-schrift_fett_bg-black.jpg","width":567,"height":567,"caption":"zagboom"},"image":{"@id":"https:\/\/zagboom.ch\/#\/schema\/logo\/image\/"}}]}},"jetpack_sharing_enabled":true,"_links":{"self":[{"href":"https:\/\/zagboom.ch\/en\/wp-json\/wp\/v2\/pages\/256","targetHints":{"allow":["GET"]}}],"collection":[{"href":"https:\/\/zagboom.ch\/en\/wp-json\/wp\/v2\/pages"}],"about":[{"href":"https:\/\/zagboom.ch\/en\/wp-json\/wp\/v2\/types\/page"}],"author":[{"embeddable":true,"href":"https:\/\/zagboom.ch\/en\/wp-json\/wp\/v2\/users\/1"}],"replies":[{"embeddable":true,"href":"https:\/\/zagboom.ch\/en\/wp-json\/wp\/v2\/comments?post=256"}],"version-history":[{"count":26,"href":"https:\/\/zagboom.ch\/en\/wp-json\/wp\/v2\/pages\/256\/revisions"}],"predecessor-version":[{"id":2267,"href":"https:\/\/zagboom.ch\/en\/wp-json\/wp\/v2\/pages\/256\/revisions\/2267"}],"wp:attachment":[{"href":"https:\/\/zagboom.ch\/en\/wp-json\/wp\/v2\/media?parent=256"}],"curies":[{"name":"wp","href":"https:\/\/api.w.org\/{rel}","templated":true}]}}