{"id":10,"date":"2022-03-15T10:03:13","date_gmt":"2022-03-15T10:03:13","guid":{"rendered":"https:\/\/zagboom.ch\/?page_id=10"},"modified":"2025-01-23T13:03:48","modified_gmt":"2025-01-23T12:03:48","slug":"refund_returns","status":"publish","type":"page","link":"https:\/\/zagboom.ch\/en\/refund_returns\/","title":{"rendered":"Allgemeine Gesch\u00e4ftsbedingungen"},"content":{"rendered":"<h2 class=\"wp-block-heading\">GELTUNGSBEREICH<\/h2>\n\n\n\n<p>Die Allgemeinen Gesch\u00e4ftsbedingungen (nachfolgend \u00abAGB\u00bb genannt) gelten f\u00fcr die \u00fcber den Onlineshop zagboom.ch get\u00e4tigten Bestellungen und abgeschlossenen Vertr\u00e4ge. Der Verein Beizen-Flieger behaltet sich das Recht vor, die AGB\u2019s zu \u00e4ndern. Massgebend ist jeweils die zum Zeitpunkt der Bestellung geltende Version der AGB, welche f\u00fcr diese Bestellung nicht einseitig ge\u00e4ndert werden kann.<\/p>\n\n\n\n<h2 class=\"wp-block-heading\">BESTELLUNG <\/h2>\n\n\n\n<p>Nach \u00dcbermittlung der Bestellung erh\u00e4lt der Kunde automatisch eine Eingangsbest\u00e4tigung, dass die Bestellung \u00fcber den Onlineshop eingegangen ist.<\/p>\n\n\n\n<h2 class=\"wp-block-heading\">VERTRAGSABSCHLUSS<\/h2>\n\n\n\n<p>Ein Kaufvertrag kommt erst durch die Lieferung, bzw. durch die Leistungserbringung der bestellten Produkte oder Leistungen zustande.<\/p>\n\n\n\n<h2 class=\"wp-block-heading\">DURCHF\u00dcHRBARKEIT, LIEFERUNG, LIEFERFRISTEN, WARENVERF\u00dcGBARKEIT<\/h2>\n\n\n\n<p>Sollte ein geplanter Event nicht durchgef\u00fchrt werden k\u00f6nnen, besteht kein Anrecht auf R\u00fcckerstattung des Startgeldes. Der Verein Beizen-Flieger wird sich jedoch bem\u00fchen, einen m\u00f6glichst grossen Anteil des Startgeldes zur\u00fcckzuerstatten, falls ein Event nicht stattfinden sollte. <\/p>\n\n\n\n<p>Sollte Lieferfristen nicht eingehalten werden k\u00f6nnen, wird dies der Kund:in so rasch wie m\u00f6glich mitgeteilt und es wird eine neue voraussichtliche Lieferfrist genannt. Ist die neue Lieferfrist f\u00fcr den Kunden nicht akzeptabel oder die Ware auch innerhalb der neuen Lieferfrist teilweise oder \u00fcberhaupt nicht mehr verf\u00fcgbar, sind beide Vertragsparteien berechtigt, hinsichtlich der betreffenden Ware vom Vertrag zur\u00fcckzutreten.<\/p>\n\n\n\n<p>Bereits durch die Kund:in erbrachte Gegenleistungen werden vollumf\u00e4nglich zur\u00fcckerstattet. Die gesetzlichen Rechte der Vertragsparteien bleiben hiervon unber\u00fchrt.<\/p>\n\n\n\n<h2 class=\"wp-block-heading\">PREISE <\/h2>\n\n\n\n<p>Die Preise verstehen sich in Schweizer Franken. Preis\u00e4nderungen sind vorbehalten. Allf\u00e4llige Nebenkosten wie Bearbeitungsgeb\u00fchren, Zahlungsgeb\u00fchren, Versandkosten usw. werden in einer separaten Position in Rechnung gestellt.<\/p>\n\n\n\n<h2 class=\"wp-block-heading\">GERICHTSSTAND<\/h2>\n\n\n\n<p>Erf\u00fcllungsort und Gerichtsstand ist Schwyz.<\/p>\n\n\n\n<h2 class=\"wp-block-heading\">SALVATORISCHE KLAUSEL<\/h2>\n\n\n\n<p>Sollte eine Bestimmung dieses Vertrages unwirksam sein, wird die Wirksamkeit der \u00fcbrigen Bestimmungen davon nicht ber\u00fchrt. Die Parteien verpflichten sich, anstelle der unwirksamen Bestimmung eine dieser Bestimmung m\u00f6glichst nahekommende wirksame Regelung zu treffen.<\/p>\n\n\n\n<h2 class=\"wp-block-heading\">\u00c4NDERUNGEN DER AGB<\/h2>\n\n\n\n<p>Der Verein Beizen-Flieger beh\u00e4lt sich vor, die AGB jederzeit zu \u00e4ndern oder zu erg\u00e4nzen.<\/p>","protected":false},"excerpt":{"rendered":"<p>GELTUNGSBEREICH Die Allgemeinen Gesch\u00e4ftsbedingungen (nachfolgend \u00abAGB\u00bb genannt) gelten f\u00fcr die \u00fcber den Onlineshop zagboom.ch get\u00e4tigten Bestellungen und abgeschlossenen Vertr\u00e4ge. Der Verein Beizen-Flieger behaltet sich das Recht vor, die AGB\u2019s zu \u00e4ndern. Massgebend ist jeweils die zum Zeitpunkt der Bestellung geltende Version der AGB, welche f\u00fcr diese Bestellung nicht einseitig ge\u00e4ndert werden kann. BESTELLUNG Nach \u00dcbermittlung [&hellip;]<\/p>","protected":false},"author":1,"featured_media":0,"parent":0,"menu_order":0,"comment_status":"closed","ping_status":"closed","template":"","meta":{"_eb_attr":"","footnotes":""},"class_list":["post-10","page","type-page","status-publish","hentry"],"yoast_head":"<!-- This site is optimized with the Yoast SEO plugin v26.8 - https:\/\/yoast.com\/product\/yoast-seo-wordpress\/ -->\n<title>Allgemeine Gesch\u00e4ftsbedingungen - Beizen-Flieger<\/title>\n<meta name=\"robots\" content=\"index, follow, max-snippet:-1, max-image-preview:large, max-video-preview:-1\" \/>\n<link rel=\"canonical\" href=\"https:\/\/zagboom.ch\/en\/refund_returns\/\" \/>\n<meta property=\"og:locale\" content=\"en_GB\" \/>\n<meta property=\"og:type\" content=\"article\" \/>\n<meta property=\"og:title\" content=\"Allgemeine Gesch\u00e4ftsbedingungen - Beizen-Flieger\" \/>\n<meta property=\"og:description\" content=\"GELTUNGSBEREICH Die Allgemeinen Gesch\u00e4ftsbedingungen (nachfolgend \u00abAGB\u00bb genannt) gelten f\u00fcr die \u00fcber den Onlineshop zagboom.ch get\u00e4tigten Bestellungen und abgeschlossenen Vertr\u00e4ge. Der Verein Beizen-Flieger behaltet sich das Recht vor, die AGB\u2019s zu \u00e4ndern. Massgebend ist jeweils die zum Zeitpunkt der Bestellung geltende Version der AGB, welche f\u00fcr diese Bestellung nicht einseitig ge\u00e4ndert werden kann. BESTELLUNG Nach \u00dcbermittlung [&hellip;]\" \/>\n<meta property=\"og:url\" content=\"https:\/\/zagboom.ch\/en\/refund_returns\/\" \/>\n<meta property=\"og:site_name\" content=\"Beizen-Flieger\" \/>\n<meta property=\"article:modified_time\" content=\"2025-01-23T12:03:48+00:00\" \/>\n<meta name=\"twitter:card\" content=\"summary_large_image\" \/>\n<meta name=\"twitter:label1\" content=\"Estimated reading time\" \/>\n\t<meta name=\"twitter:data1\" content=\"2 minutes\" \/>\n<script type=\"application\/ld+json\" class=\"yoast-schema-graph\">{\"@context\":\"https:\/\/schema.org\",\"@graph\":[{\"@type\":\"WebPage\",\"@id\":\"https:\/\/zagboom.ch\/refund_returns\/\",\"url\":\"https:\/\/zagboom.ch\/refund_returns\/\",\"name\":\"Allgemeine Gesch\u00e4ftsbedingungen - Beizen-Flieger\",\"isPartOf\":{\"@id\":\"https:\/\/zagboom.ch\/#website\"},\"datePublished\":\"2022-03-15T10:03:13+00:00\",\"dateModified\":\"2025-01-23T12:03:48+00:00\",\"breadcrumb\":{\"@id\":\"https:\/\/zagboom.ch\/refund_returns\/#breadcrumb\"},\"inLanguage\":\"en-GB\",\"potentialAction\":[{\"@type\":\"ReadAction\",\"target\":[\"https:\/\/zagboom.ch\/refund_returns\/\"]}]},{\"@type\":\"BreadcrumbList\",\"@id\":\"https:\/\/zagboom.ch\/refund_returns\/#breadcrumb\",\"itemListElement\":[{\"@type\":\"ListItem\",\"position\":1,\"name\":\"Startseite\",\"item\":\"https:\/\/zagboom.ch\/\"},{\"@type\":\"ListItem\",\"position\":2,\"name\":\"Allgemeine Gesch\u00e4ftsbedingungen\"}]},{\"@type\":\"WebSite\",\"@id\":\"https:\/\/zagboom.ch\/#website\",\"url\":\"https:\/\/zagboom.ch\/\",\"name\":\"Beizen-Flieger\",\"description\":\"Bergbeizenfliegen: Das etwas andere Hike and Fly Rennen\",\"publisher\":{\"@id\":\"https:\/\/zagboom.ch\/#organization\"},\"potentialAction\":[{\"@type\":\"SearchAction\",\"target\":{\"@type\":\"EntryPoint\",\"urlTemplate\":\"https:\/\/zagboom.ch\/?s={search_term_string}\"},\"query-input\":{\"@type\":\"PropertyValueSpecification\",\"valueRequired\":true,\"valueName\":\"search_term_string\"}}],\"inLanguage\":\"en-GB\"},{\"@type\":\"Organization\",\"@id\":\"https:\/\/zagboom.ch\/#organization\",\"name\":\"zagboom\",\"url\":\"https:\/\/zagboom.ch\/\",\"logo\":{\"@type\":\"ImageObject\",\"inLanguage\":\"en-GB\",\"@id\":\"https:\/\/zagboom.ch\/#\/schema\/logo\/image\/\",\"url\":\"https:\/\/zagboom.ch\/wp-content\/uploads\/2023\/05\/Logo_Bergbeizenfliegen_mit-schrift_fett_bg-black.jpg\",\"contentUrl\":\"https:\/\/zagboom.ch\/wp-content\/uploads\/2023\/05\/Logo_Bergbeizenfliegen_mit-schrift_fett_bg-black.jpg\",\"width\":567,\"height\":567,\"caption\":\"zagboom\"},\"image\":{\"@id\":\"https:\/\/zagboom.ch\/#\/schema\/logo\/image\/\"}}]}<\/script>\n<!-- \/ Yoast SEO plugin. -->","yoast_head_json":{"title":"Allgemeine Gesch\u00e4ftsbedingungen - Beizen-Flieger","robots":{"index":"index","follow":"follow","max-snippet":"max-snippet:-1","max-image-preview":"max-image-preview:large","max-video-preview":"max-video-preview:-1"},"canonical":"https:\/\/zagboom.ch\/en\/refund_returns\/","og_locale":"en_GB","og_type":"article","og_title":"Allgemeine Gesch\u00e4ftsbedingungen - Beizen-Flieger","og_description":"GELTUNGSBEREICH Die Allgemeinen Gesch\u00e4ftsbedingungen (nachfolgend \u00abAGB\u00bb genannt) gelten f\u00fcr die \u00fcber den Onlineshop zagboom.ch get\u00e4tigten Bestellungen und abgeschlossenen Vertr\u00e4ge. Der Verein Beizen-Flieger behaltet sich das Recht vor, die AGB\u2019s zu \u00e4ndern. Massgebend ist jeweils die zum Zeitpunkt der Bestellung geltende Version der AGB, welche f\u00fcr diese Bestellung nicht einseitig ge\u00e4ndert werden kann. BESTELLUNG Nach \u00dcbermittlung [&hellip;]","og_url":"https:\/\/zagboom.ch\/en\/refund_returns\/","og_site_name":"Beizen-Flieger","article_modified_time":"2025-01-23T12:03:48+00:00","twitter_card":"summary_large_image","twitter_misc":{"Estimated reading time":"2 minutes"},"schema":{"@context":"https:\/\/schema.org","@graph":[{"@type":"WebPage","@id":"https:\/\/zagboom.ch\/refund_returns\/","url":"https:\/\/zagboom.ch\/refund_returns\/","name":"Allgemeine Gesch\u00e4ftsbedingungen - Beizen-Flieger","isPartOf":{"@id":"https:\/\/zagboom.ch\/#website"},"datePublished":"2022-03-15T10:03:13+00:00","dateModified":"2025-01-23T12:03:48+00:00","breadcrumb":{"@id":"https:\/\/zagboom.ch\/refund_returns\/#breadcrumb"},"inLanguage":"en-GB","potentialAction":[{"@type":"ReadAction","target":["https:\/\/zagboom.ch\/refund_returns\/"]}]},{"@type":"BreadcrumbList","@id":"https:\/\/zagboom.ch\/refund_returns\/#breadcrumb","itemListElement":[{"@type":"ListItem","position":1,"name":"Startseite","item":"https:\/\/zagboom.ch\/"},{"@type":"ListItem","position":2,"name":"Allgemeine Gesch\u00e4ftsbedingungen"}]},{"@type":"WebSite","@id":"https:\/\/zagboom.ch\/#website","url":"https:\/\/zagboom.ch\/","name":"Beizen-Flieger","description":"Bergbeizenfliegen: Das etwas andere Hike and Fly Rennen","publisher":{"@id":"https:\/\/zagboom.ch\/#organization"},"potentialAction":[{"@type":"SearchAction","target":{"@type":"EntryPoint","urlTemplate":"https:\/\/zagboom.ch\/?s={search_term_string}"},"query-input":{"@type":"PropertyValueSpecification","valueRequired":true,"valueName":"search_term_string"}}],"inLanguage":"en-GB"},{"@type":"Organization","@id":"https:\/\/zagboom.ch\/#organization","name":"zagboom","url":"https:\/\/zagboom.ch\/","logo":{"@type":"ImageObject","inLanguage":"en-GB","@id":"https:\/\/zagboom.ch\/#\/schema\/logo\/image\/","url":"https:\/\/zagboom.ch\/wp-content\/uploads\/2023\/05\/Logo_Bergbeizenfliegen_mit-schrift_fett_bg-black.jpg","contentUrl":"https:\/\/zagboom.ch\/wp-content\/uploads\/2023\/05\/Logo_Bergbeizenfliegen_mit-schrift_fett_bg-black.jpg","width":567,"height":567,"caption":"zagboom"},"image":{"@id":"https:\/\/zagboom.ch\/#\/schema\/logo\/image\/"}}]}},"jetpack_sharing_enabled":true,"_links":{"self":[{"href":"https:\/\/zagboom.ch\/en\/wp-json\/wp\/v2\/pages\/10","targetHints":{"allow":["GET"]}}],"collection":[{"href":"https:\/\/zagboom.ch\/en\/wp-json\/wp\/v2\/pages"}],"about":[{"href":"https:\/\/zagboom.ch\/en\/wp-json\/wp\/v2\/types\/page"}],"author":[{"embeddable":true,"href":"https:\/\/zagboom.ch\/en\/wp-json\/wp\/v2\/users\/1"}],"replies":[{"embeddable":true,"href":"https:\/\/zagboom.ch\/en\/wp-json\/wp\/v2\/comments?post=10"}],"version-history":[{"count":5,"href":"https:\/\/zagboom.ch\/en\/wp-json\/wp\/v2\/pages\/10\/revisions"}],"predecessor-version":[{"id":2104,"href":"https:\/\/zagboom.ch\/en\/wp-json\/wp\/v2\/pages\/10\/revisions\/2104"}],"wp:attachment":[{"href":"https:\/\/zagboom.ch\/en\/wp-json\/wp\/v2\/media?parent=10"}],"curies":[{"name":"wp","href":"https:\/\/api.w.org\/{rel}","templated":true}]}}